{"id":295,"date":"2025-09-22T15:02:53","date_gmt":"2025-09-22T12:02:53","guid":{"rendered":"https:\/\/wordpress-1416406-5352510.cloudwaysapps.com\/staff-leasing\/"},"modified":"2025-12-22T16:36:29","modified_gmt":"2025-12-22T14:36:29","slug":"staff-leasing","status":"publish","type":"page","link":"https:\/\/erkco.fi\/en\/staff-leasing\/","title":{"rendered":"Staff Leasing"},"content":{"rendered":"\n<p>We supply certified railway professionals and track workers for both short-term assignments and long-term infrastructure contracts.<\/p>\n\n<h3 class=\"wp-block-heading\">K\u00e4ytett\u00e4viss\u00e4nne ovat mm.:<\/h3>\n\n<ul class=\"wp-block-list\">\n<li>Railway construction professionals<\/li>\n\n\n\n<li>Safety officers and site supervisors<\/li>\n\n\n\n<li>Certified track managers and railway foremen<\/li>\n\n\n\n<li>Excavator operators with equipment<\/li>\n\n\n\n<li>Winter maintenance crews (snow clearing and plowing)<\/li>\n\n\n\n<li>Summer maintenance teams (vegetation control, rail and sleeper replacement)<\/li>\n\n\n\n<li>Cabling and installation specialists<\/li>\n<\/ul>\n","protected":false},"excerpt":{"rendered":"<p>Experienced railway professionals for projects of all sizes. We provide qualified personnel for railway construction and maintenance work throughout Finland \u2014 whether for short-term assignments or long-term contracts.<\/p>\n","protected":false},"author":1,"featured_media":263,"parent":0,"menu_order":0,"comment_status":"closed","ping_status":"closed","template":"palvelusivu.php","meta":{"_acf_changed":false,"footnotes":""},"class_list":["post-295","page","type-page","status-publish","has-post-thumbnail","hentry"],"acf":[],"yoast_head":"<!-- This site is optimized with the Yoast SEO plugin v27.5 - https:\/\/yoast.com\/product\/yoast-seo-wordpress\/ -->\n<title>Staff Leasing - Konepalvelu Erkco Oy<\/title>\n<meta name=\"robots\" content=\"index, follow, max-snippet:-1, max-image-preview:large, max-video-preview:-1\" \/>\n<link rel=\"canonical\" href=\"https:\/\/erkco.fi\/en\/staff-leasing\/\" \/>\n<meta property=\"og:locale\" content=\"en_US\" \/>\n<meta property=\"og:type\" content=\"article\" \/>\n<meta property=\"og:title\" content=\"Staff Leasing - Konepalvelu Erkco Oy\" \/>\n<meta property=\"og:description\" content=\"Experienced railway professionals for projects of all sizes. We provide qualified personnel for railway construction and maintenance work throughout Finland \u2014 whether for short-term assignments or long-term contracts.\" \/>\n<meta property=\"og:url\" content=\"https:\/\/erkco.fi\/en\/staff-leasing\/\" \/>\n<meta property=\"og:site_name\" content=\"Konepalvelu Erkco Oy\" \/>\n<meta property=\"article:modified_time\" content=\"2025-12-22T14:36:29+00:00\" \/>\n<meta property=\"og:image\" content=\"https:\/\/erkco.fi\/wp-content\/uploads\/2025\/12\/2.jpg\" \/>\n\t<meta property=\"og:image:width\" content=\"1920\" \/>\n\t<meta property=\"og:image:height\" content=\"900\" \/>\n\t<meta property=\"og:image:type\" content=\"image\/jpeg\" \/>\n<meta name=\"twitter:card\" content=\"summary_large_image\" \/>\n<script type=\"application\/ld+json\" class=\"yoast-schema-graph\">{\"@context\":\"https:\\\/\\\/schema.org\",\"@graph\":[{\"@type\":\"WebPage\",\"@id\":\"https:\\\/\\\/erkco.fi\\\/en\\\/staff-leasing\\\/\",\"url\":\"https:\\\/\\\/erkco.fi\\\/en\\\/staff-leasing\\\/\",\"name\":\"Staff Leasing - Konepalvelu Erkco Oy\",\"isPartOf\":{\"@id\":\"https:\\\/\\\/erkco.fi\\\/en\\\/#website\"},\"primaryImageOfPage\":{\"@id\":\"https:\\\/\\\/erkco.fi\\\/en\\\/staff-leasing\\\/#primaryimage\"},\"image\":{\"@id\":\"https:\\\/\\\/erkco.fi\\\/en\\\/staff-leasing\\\/#primaryimage\"},\"thumbnailUrl\":\"https:\\\/\\\/erkco.fi\\\/wp-content\\\/uploads\\\/2025\\\/12\\\/2.jpg\",\"datePublished\":\"2025-09-22T12:02:53+00:00\",\"dateModified\":\"2025-12-22T14:36:29+00:00\",\"breadcrumb\":{\"@id\":\"https:\\\/\\\/erkco.fi\\\/en\\\/staff-leasing\\\/#breadcrumb\"},\"inLanguage\":\"en-US\",\"potentialAction\":[{\"@type\":\"ReadAction\",\"target\":[\"https:\\\/\\\/erkco.fi\\\/en\\\/staff-leasing\\\/\"]}]},{\"@type\":\"ImageObject\",\"inLanguage\":\"en-US\",\"@id\":\"https:\\\/\\\/erkco.fi\\\/en\\\/staff-leasing\\\/#primaryimage\",\"url\":\"https:\\\/\\\/erkco.fi\\\/wp-content\\\/uploads\\\/2025\\\/12\\\/2.jpg\",\"contentUrl\":\"https:\\\/\\\/erkco.fi\\\/wp-content\\\/uploads\\\/2025\\\/12\\\/2.jpg\",\"width\":1920,\"height\":900},{\"@type\":\"BreadcrumbList\",\"@id\":\"https:\\\/\\\/erkco.fi\\\/en\\\/staff-leasing\\\/#breadcrumb\",\"itemListElement\":[{\"@type\":\"ListItem\",\"position\":1,\"name\":\"Home\",\"item\":\"https:\\\/\\\/erkco.fi\\\/en\\\/\"},{\"@type\":\"ListItem\",\"position\":2,\"name\":\"Staff Leasing\"}]},{\"@type\":\"WebSite\",\"@id\":\"https:\\\/\\\/erkco.fi\\\/en\\\/#website\",\"url\":\"https:\\\/\\\/erkco.fi\\\/en\\\/\",\"name\":\"Konepalvelu Erkco Oy\",\"description\":\"\",\"publisher\":{\"@id\":\"https:\\\/\\\/erkco.fi\\\/en\\\/#organization\"},\"potentialAction\":[{\"@type\":\"SearchAction\",\"target\":{\"@type\":\"EntryPoint\",\"urlTemplate\":\"https:\\\/\\\/erkco.fi\\\/en\\\/?s={search_term_string}\"},\"query-input\":{\"@type\":\"PropertyValueSpecification\",\"valueRequired\":true,\"valueName\":\"search_term_string\"}}],\"inLanguage\":\"en-US\"},{\"@type\":\"Organization\",\"@id\":\"https:\\\/\\\/erkco.fi\\\/en\\\/#organization\",\"name\":\"Konepalvelu Erkco Oy\",\"url\":\"https:\\\/\\\/erkco.fi\\\/en\\\/\",\"logo\":{\"@type\":\"ImageObject\",\"inLanguage\":\"en-US\",\"@id\":\"https:\\\/\\\/erkco.fi\\\/en\\\/#\\\/schema\\\/logo\\\/image\\\/\",\"url\":\"https:\\\/\\\/erkco.fi\\\/wp-content\\\/uploads\\\/2025\\\/10\\\/logo.png\",\"contentUrl\":\"https:\\\/\\\/erkco.fi\\\/wp-content\\\/uploads\\\/2025\\\/10\\\/logo.png\",\"width\":297,\"height\":104,\"caption\":\"Konepalvelu Erkco Oy\"},\"image\":{\"@id\":\"https:\\\/\\\/erkco.fi\\\/en\\\/#\\\/schema\\\/logo\\\/image\\\/\"}}]}<\/script>\n<!-- \/ Yoast SEO plugin. -->","yoast_head_json":{"title":"Staff Leasing - Konepalvelu Erkco Oy","robots":{"index":"index","follow":"follow","max-snippet":"max-snippet:-1","max-image-preview":"max-image-preview:large","max-video-preview":"max-video-preview:-1"},"canonical":"https:\/\/erkco.fi\/en\/staff-leasing\/","og_locale":"en_US","og_type":"article","og_title":"Staff Leasing - Konepalvelu Erkco Oy","og_description":"Experienced railway professionals for projects of all sizes. We provide qualified personnel for railway construction and maintenance work throughout Finland \u2014 whether for short-term assignments or long-term contracts.","og_url":"https:\/\/erkco.fi\/en\/staff-leasing\/","og_site_name":"Konepalvelu Erkco Oy","article_modified_time":"2025-12-22T14:36:29+00:00","og_image":[{"width":1920,"height":900,"url":"https:\/\/erkco.fi\/wp-content\/uploads\/2025\/12\/2.jpg","type":"image\/jpeg"}],"twitter_card":"summary_large_image","schema":{"@context":"https:\/\/schema.org","@graph":[{"@type":"WebPage","@id":"https:\/\/erkco.fi\/en\/staff-leasing\/","url":"https:\/\/erkco.fi\/en\/staff-leasing\/","name":"Staff Leasing - Konepalvelu Erkco Oy","isPartOf":{"@id":"https:\/\/erkco.fi\/en\/#website"},"primaryImageOfPage":{"@id":"https:\/\/erkco.fi\/en\/staff-leasing\/#primaryimage"},"image":{"@id":"https:\/\/erkco.fi\/en\/staff-leasing\/#primaryimage"},"thumbnailUrl":"https:\/\/erkco.fi\/wp-content\/uploads\/2025\/12\/2.jpg","datePublished":"2025-09-22T12:02:53+00:00","dateModified":"2025-12-22T14:36:29+00:00","breadcrumb":{"@id":"https:\/\/erkco.fi\/en\/staff-leasing\/#breadcrumb"},"inLanguage":"en-US","potentialAction":[{"@type":"ReadAction","target":["https:\/\/erkco.fi\/en\/staff-leasing\/"]}]},{"@type":"ImageObject","inLanguage":"en-US","@id":"https:\/\/erkco.fi\/en\/staff-leasing\/#primaryimage","url":"https:\/\/erkco.fi\/wp-content\/uploads\/2025\/12\/2.jpg","contentUrl":"https:\/\/erkco.fi\/wp-content\/uploads\/2025\/12\/2.jpg","width":1920,"height":900},{"@type":"BreadcrumbList","@id":"https:\/\/erkco.fi\/en\/staff-leasing\/#breadcrumb","itemListElement":[{"@type":"ListItem","position":1,"name":"Home","item":"https:\/\/erkco.fi\/en\/"},{"@type":"ListItem","position":2,"name":"Staff Leasing"}]},{"@type":"WebSite","@id":"https:\/\/erkco.fi\/en\/#website","url":"https:\/\/erkco.fi\/en\/","name":"Konepalvelu Erkco Oy","description":"","publisher":{"@id":"https:\/\/erkco.fi\/en\/#organization"},"potentialAction":[{"@type":"SearchAction","target":{"@type":"EntryPoint","urlTemplate":"https:\/\/erkco.fi\/en\/?s={search_term_string}"},"query-input":{"@type":"PropertyValueSpecification","valueRequired":true,"valueName":"search_term_string"}}],"inLanguage":"en-US"},{"@type":"Organization","@id":"https:\/\/erkco.fi\/en\/#organization","name":"Konepalvelu Erkco Oy","url":"https:\/\/erkco.fi\/en\/","logo":{"@type":"ImageObject","inLanguage":"en-US","@id":"https:\/\/erkco.fi\/en\/#\/schema\/logo\/image\/","url":"https:\/\/erkco.fi\/wp-content\/uploads\/2025\/10\/logo.png","contentUrl":"https:\/\/erkco.fi\/wp-content\/uploads\/2025\/10\/logo.png","width":297,"height":104,"caption":"Konepalvelu Erkco Oy"},"image":{"@id":"https:\/\/erkco.fi\/en\/#\/schema\/logo\/image\/"}}]}},"_links":{"self":[{"href":"https:\/\/erkco.fi\/en\/wp-json\/wp\/v2\/pages\/295","targetHints":{"allow":["GET"]}}],"collection":[{"href":"https:\/\/erkco.fi\/en\/wp-json\/wp\/v2\/pages"}],"about":[{"href":"https:\/\/erkco.fi\/en\/wp-json\/wp\/v2\/types\/page"}],"author":[{"embeddable":true,"href":"https:\/\/erkco.fi\/en\/wp-json\/wp\/v2\/users\/1"}],"replies":[{"embeddable":true,"href":"https:\/\/erkco.fi\/en\/wp-json\/wp\/v2\/comments?post=295"}],"version-history":[{"count":1,"href":"https:\/\/erkco.fi\/en\/wp-json\/wp\/v2\/pages\/295\/revisions"}],"predecessor-version":[{"id":296,"href":"https:\/\/erkco.fi\/en\/wp-json\/wp\/v2\/pages\/295\/revisions\/296"}],"wp:featuredmedia":[{"embeddable":true,"href":"https:\/\/erkco.fi\/en\/wp-json\/wp\/v2\/media\/263"}],"wp:attachment":[{"href":"https:\/\/erkco.fi\/en\/wp-json\/wp\/v2\/media?parent=295"}],"curies":[{"name":"wp","href":"https:\/\/api.w.org\/{rel}","templated":true}]}}